{"id":308,"date":"2020-09-04T14:12:17","date_gmt":"2020-09-04T12:12:17","guid":{"rendered":"https:\/\/gudel-tax.com\/ueber-mich\/"},"modified":"2024-08-01T11:41:15","modified_gmt":"2024-08-01T09:41:15","slug":"about-me","status":"publish","type":"page","link":"https:\/\/gudel-tax.com\/en\/about-me\/","title":{"rendered":"About Thomas Gudel"},"content":{"rendered":"<div id=\"cs-content\" class=\"cs-content\"><div class=\"x-section e55-e1 m1j-0 m1j-1\"><div class=\"x-row x-container max width e55-e2 m1j-3 m1j-4 m1j-6 m1j-7\"><div class=\"x-row-inner\"><div class=\"x-col e55-e3 m1j-9 m1j-a\">\n\t\t\t<!-- START Slider 1 REVOLUTION SLIDER 6.6.20 --><p class=\"rs-p-wp-fix\"><\/p>\n\t\t\t<rs-module-wrap id=\"rev_slider_2_1_wrapper\" data-source=\"gallery\" style=\"visibility:hidden;background:transparent;padding:0;margin:0px auto;margin-top:0;margin-bottom:0;\">\n\t\t\t\t<rs-module id=\"rev_slider_2_1\" style=\"\" data-version=\"6.6.20\">\n\t\t\t\t\t<rs-slides style=\"overflow: hidden; position: absolute;\">\n\t\t\t\t\t\t<rs-slide style=\"position: absolute;\" data-key=\"rs-2\" data-title=\"Slide\" data-thumb=\"\/\/www.gudel-tax.com\/wp-content\/uploads\/2020\/10\/thomas_gudel_sun_glasses_R16_10.jpg\" data-anim=\"adpr:false;\" data-in=\"o:0;\" data-out=\"a:false;\">\n\t\t\t\t\t\t\t<img decoding=\"async\" src=\"\/\/gudel-tax.com\/wp-content\/plugins\/revslider\/public\/assets\/assets\/dummy.png\" alt=\"Thomas Gudel\" title=\"thomas_gudel_sun_glasses_R16_10\" width=\"1200\" height=\"750\" class=\"rev-slidebg tp-rs-img rs-lazyload\" data-lazyload=\"\/\/www.gudel-tax.com\/wp-content\/uploads\/2020\/10\/thomas_gudel_sun_glasses_R16_10.jpg\" data-no-retina>\n<!---->\t\t\t\t\t\t<\/rs-slide>\n\t\t\t\t\t\t<rs-slide style=\"position: absolute;\" data-key=\"rs-3\" data-title=\"Slide\" data-thumb=\"\/\/www.gudel-tax.com\/wp-content\/uploads\/2020\/10\/thomas_gudel_cruising_R16_10.jpg\" data-anim=\"ms:1000;r:0;\" data-in=\"o:0;\" data-out=\"a:false;\">\n\t\t\t\t\t\t\t<img decoding=\"async\" src=\"\/\/gudel-tax.com\/wp-content\/plugins\/revslider\/public\/assets\/assets\/dummy.png\" alt=\"Thomas Gudel\" title=\"thomas_gudel_cruising_R16_10\" width=\"1200\" height=\"750\" class=\"rev-slidebg tp-rs-img rs-lazyload\" data-lazyload=\"\/\/www.gudel-tax.com\/wp-content\/uploads\/2020\/10\/thomas_gudel_cruising_R16_10.jpg\" data-no-retina>\n<!---->\t\t\t\t\t\t<\/rs-slide>\n\t\t\t\t\t\t<rs-slide style=\"position: absolute;\" data-key=\"rs-7\" data-title=\"Slide\" data-thumb=\"\/\/www.gudel-tax.com\/wp-content\/uploads\/2021\/09\/IMG_3634-rotated.jpeg\" data-anim=\"adpr:false;\" data-in=\"o:0;\" data-out=\"a:false;\">\n\t\t\t\t\t\t\t<img decoding=\"async\" src=\"\/\/gudel-tax.com\/wp-content\/plugins\/revslider\/public\/assets\/assets\/dummy.png\" alt=\"Thomas Gudel\" title=\"IMG_3634\" width=\"960\" height=\"1280\" class=\"rev-slidebg tp-rs-img rs-lazyload\" data-lazyload=\"\/\/www.gudel-tax.com\/wp-content\/uploads\/2021\/09\/IMG_3634-rotated.jpeg\" data-bg=\"f:contain;\" data-no-retina>\n<!---->\t\t\t\t\t\t<\/rs-slide>\n\t\t\t\t\t\t<rs-slide style=\"position: absolute;\" data-key=\"rs-4\" data-title=\"Slide\" data-thumb=\"\/\/www.gudel-tax.com\/wp-content\/uploads\/2023\/04\/IMG_5C2BF04ADDA8-1.jpg\" data-anim=\"adpr:false;\" data-in=\"o:0;\" data-out=\"a:false;\">\n\t\t\t\t\t\t\t<img decoding=\"async\" src=\"\/\/gudel-tax.com\/wp-content\/plugins\/revslider\/public\/assets\/assets\/dummy.png\" alt=\"\" title=\"IMG_5C2BF04ADDA8-1\" width=\"1200\" height=\"1600\" class=\"rev-slidebg tp-rs-img rs-lazyload\" data-lazyload=\"\/\/www.gudel-tax.com\/wp-content\/uploads\/2023\/04\/IMG_5C2BF04ADDA8-1.jpg\" data-no-retina>\n<!---->\t\t\t\t\t\t<\/rs-slide>\n\t\t\t\t\t\t<rs-slide style=\"position: absolute;\" data-key=\"rs-6\" data-title=\"Slide\" data-thumb=\"\/\/www.gudel-tax.com\/wp-content\/uploads\/2021\/08\/IMG_2574.jpeg\" data-anim=\"adpr:false;\" data-in=\"o:0;\" data-out=\"a:false;\">\n\t\t\t\t\t\t\t<img decoding=\"async\" src=\"\/\/gudel-tax.com\/wp-content\/plugins\/revslider\/public\/assets\/assets\/dummy.png\" alt=\"Thomas Gudel\" title=\"IMG_2574\" width=\"640\" height=\"480\" class=\"rev-slidebg tp-rs-img rs-lazyload\" data-lazyload=\"\/\/www.gudel-tax.com\/wp-content\/uploads\/2021\/08\/IMG_2574.jpeg\" data-no-retina>\n<!---->\t\t\t\t\t\t<\/rs-slide>\n\t\t\t\t\t\t<rs-slide style=\"position: absolute;\" data-key=\"rs-13\" data-title=\"Slide\" data-thumb=\"\/\/www.gudel-tax.com\/wp-content\/uploads\/2020\/10\/thomas_gudel_red_shirt_R16_10.jpg\" data-anim=\"adpr:false;\" data-in=\"o:0;\" data-out=\"a:false;\">\n\t\t\t\t\t\t\t<img decoding=\"async\" src=\"\/\/gudel-tax.com\/wp-content\/plugins\/revslider\/public\/assets\/assets\/dummy.png\" alt=\"Thomas Gudel\" title=\"thomas_gudel_red_shirt_R16_10\" width=\"1200\" height=\"750\" class=\"rev-slidebg tp-rs-img rs-lazyload\" data-lazyload=\"\/\/www.gudel-tax.com\/wp-content\/uploads\/2020\/10\/thomas_gudel_red_shirt_R16_10.jpg\" data-no-retina>\n<!---->\t\t\t\t\t\t<\/rs-slide>\n\t\t\t\t\t\t<rs-slide style=\"position: absolute;\" data-key=\"rs-17\" data-title=\"Slide\" data-thumb=\"\/\/www.gudel-tax.com\/wp-content\/uploads\/2022\/04\/Thomas-Gudel-Kanaren-2021.jpeg\" data-anim=\"adpr:false;\" data-in=\"o:0;\" data-out=\"a:false;\">\n\t\t\t\t\t\t\t<img decoding=\"async\" src=\"\/\/gudel-tax.com\/wp-content\/plugins\/revslider\/public\/assets\/assets\/dummy.png\" alt=\"\" title=\"Thomas Gudel &#8211; Kanaren 2021\" width=\"1024\" height=\"768\" class=\"rev-slidebg tp-rs-img rs-lazyload\" data-lazyload=\"\/\/www.gudel-tax.com\/wp-content\/uploads\/2022\/04\/Thomas-Gudel-Kanaren-2021.jpeg\" data-no-retina>\n<!---->\t\t\t\t\t\t<\/rs-slide>\n\t\t\t\t\t\t<rs-slide style=\"position: absolute;\" data-key=\"rs-18\" data-title=\"Slide\" data-thumb=\"\/\/gudel-tax.com\/wp-content\/uploads\/revslider\/video-media\/thomas_gudel_tauchen_mit_schildkroete_18-200x200.jpeg\" data-anim=\"adpr:false;\" data-in=\"o:0;\" data-out=\"a:false;\">\n\t\t\t\t\t\t\t<img decoding=\"async\" src=\"\/\/gudel-tax.com\/wp-content\/plugins\/revslider\/public\/assets\/assets\/dummy.png\" alt=\"\" title=\"thomas_gudel_tauchen_mit_schildkroete_18.jpeg\" width=\"640\" height=\"360\" class=\"rev-slidebg tp-rs-img rs-lazyload\" data-lazyload=\"\/\/gudel-tax.com\/wp-content\/uploads\/revslider\/video-media\/thomas_gudel_tauchen_mit_schildkroete_18.jpeg\" data-no-retina>\n\t\t\t\t\t\t\t<rs-bgvideo \n\t\t\t\t\t\t\t\tdata-video=\"w:100%;h:100%;nse:false;sat:true;l:true;ptimer:false;vfc:true;\"\n\t\t\t\t\t\t\t\tdata-mp4=\"\/\/gudel-tax.com\/wp-content\/uploads\/2026\/03\/thomas_gudel_tauchen_mit_schildkroete.mp4\"\n\t\t\t\t\t\t\t><\/rs-bgvideo>\n<!---->\t\t\t\t\t\t<\/rs-slide>\n\t\t\t\t\t\t<rs-slide style=\"position: absolute;\" data-key=\"rs-32\" data-title=\"Slide\" data-thumb=\"\/\/gudel-tax.com\/wp-content\/uploads\/revslider\/video-media\/thomas_gudel_ray_32-200x200.jpeg\" data-anim=\"adpr:false;\" data-in=\"o:0;\" data-out=\"a:false;\">\n\t\t\t\t\t\t\t<img decoding=\"async\" src=\"\/\/gudel-tax.com\/wp-content\/plugins\/revslider\/public\/assets\/assets\/dummy.png\" alt=\"\" title=\"thomas_gudel_ray_32.jpeg\" width=\"640\" height=\"360\" class=\"rev-slidebg tp-rs-img rs-lazyload\" data-lazyload=\"\/\/gudel-tax.com\/wp-content\/uploads\/revslider\/video-media\/thomas_gudel_ray_32.jpeg\" data-no-retina>\n\t\t\t\t\t\t\t<rs-bgvideo \n\t\t\t\t\t\t\t\tdata-video=\"w:100%;h:100%;nse:false;sat:true;l:true;ptimer:false;vfc:true;\"\n\t\t\t\t\t\t\t\tdata-mp4=\"\/\/gudel-tax.com\/wp-content\/uploads\/2026\/04\/thomas_gudel_ray.mp4\"\n\t\t\t\t\t\t\t><\/rs-bgvideo>\n<!---->\t\t\t\t\t\t<\/rs-slide>\n\t\t\t\t\t\t<rs-slide style=\"position: absolute;\" data-key=\"rs-19\" data-title=\"Slide\" data-thumb=\"\/\/www.gudel-tax.com\/wp-content\/uploads\/2022\/04\/Thomas-Gudel-Musher.jpg\" data-anim=\"adpr:false;\" data-in=\"o:0;\" data-out=\"a:false;\">\n\t\t\t\t\t\t\t<img decoding=\"async\" src=\"\/\/gudel-tax.com\/wp-content\/plugins\/revslider\/public\/assets\/assets\/dummy.png\" alt=\"\" title=\"Thomas Gudel &#8211; Musher\" width=\"1032\" height=\"1376\" class=\"rev-slidebg tp-rs-img rs-lazyload\" data-lazyload=\"\/\/www.gudel-tax.com\/wp-content\/uploads\/2022\/04\/Thomas-Gudel-Musher.jpg\" data-bg=\"f:contain;\" data-no-retina>\n<!---->\t\t\t\t\t\t<\/rs-slide>\n\t\t\t\t\t\t<rs-slide style=\"position: absolute;\" data-key=\"rs-20\" data-title=\"Slide\" data-thumb=\"\/\/www.gudel-tax.com\/wp-content\/uploads\/2021\/10\/IMG_2270-scaled-e1635081926596.jpg\" data-anim=\"adpr:false;\" data-in=\"o:0;\" data-out=\"a:false;\">\n\t\t\t\t\t\t\t<img decoding=\"async\" src=\"\/\/gudel-tax.com\/wp-content\/plugins\/revslider\/public\/assets\/assets\/dummy.png\" alt=\"Steuerberater Thomas Gudel\" title=\"IMG_2270\" width=\"2336\" height=\"1574\" class=\"rev-slidebg tp-rs-img rs-lazyload\" data-lazyload=\"\/\/www.gudel-tax.com\/wp-content\/uploads\/2021\/10\/IMG_2270-scaled-e1635081926596.jpg\" data-no-retina>\n<!---->\t\t\t\t\t\t<\/rs-slide>\n\t\t\t\t\t\t<rs-slide style=\"position: absolute;\" data-key=\"rs-21\" data-title=\"Slide\" data-thumb=\"\/\/www.gudel-tax.com\/wp-content\/uploads\/2021\/11\/Thomas_Gudel_0241.jpg\" data-anim=\"adpr:false;\" data-in=\"o:0;\" data-out=\"a:false;\">\n\t\t\t\t\t\t\t<img decoding=\"async\" src=\"\/\/gudel-tax.com\/wp-content\/plugins\/revslider\/public\/assets\/assets\/dummy.png\" alt=\"Thomas Gudel\" title=\"Thomas_Gudel_0241\" width=\"1280\" height=\"960\" class=\"rev-slidebg tp-rs-img rs-lazyload\" data-lazyload=\"\/\/www.gudel-tax.com\/wp-content\/uploads\/2021\/11\/Thomas_Gudel_0241.jpg\" data-no-retina>\n<!---->\t\t\t\t\t\t<\/rs-slide>\n\t\t\t\t\t\t<rs-slide style=\"position: absolute;\" data-key=\"rs-22\" data-title=\"Slide\" data-thumb=\"\/\/www.gudel-tax.com\/wp-content\/uploads\/2023\/04\/signal-2023-04-03-130659_003.jpeg\" data-anim=\"adpr:false;\" data-in=\"o:0;\" data-out=\"a:false;\">\n\t\t\t\t\t\t\t<img decoding=\"async\" src=\"\/\/gudel-tax.com\/wp-content\/plugins\/revslider\/public\/assets\/assets\/dummy.png\" alt=\"\" title=\"signal-2023-04-03-130659_003\" width=\"1600\" height=\"1200\" class=\"rev-slidebg tp-rs-img rs-lazyload\" data-lazyload=\"\/\/www.gudel-tax.com\/wp-content\/uploads\/2023\/04\/signal-2023-04-03-130659_003.jpeg\" data-no-retina>\n<!---->\t\t\t\t\t\t<\/rs-slide>\n\t\t\t\t\t\t<rs-slide style=\"position: absolute;\" data-key=\"rs-23\" data-title=\"Slide\" data-thumb=\"\/\/www.gudel-tax.com\/wp-content\/uploads\/2021\/11\/Thomas_Gudel_3924-scaled.jpeg\" data-anim=\"adpr:false;\" data-in=\"o:0;\" data-out=\"a:false;\">\n\t\t\t\t\t\t\t<img decoding=\"async\" src=\"\/\/gudel-tax.com\/wp-content\/plugins\/revslider\/public\/assets\/assets\/dummy.png\" alt=\"Thomas Gudel\" title=\"Thomas_Gudel_3924\" width=\"2560\" height=\"1920\" class=\"rev-slidebg tp-rs-img rs-lazyload\" data-lazyload=\"\/\/www.gudel-tax.com\/wp-content\/uploads\/2021\/11\/Thomas_Gudel_3924-scaled.jpeg\" data-no-retina>\n<!---->\t\t\t\t\t\t<\/rs-slide>\n\t\t\t\t\t\t<rs-slide style=\"position: absolute;\" data-key=\"rs-24\" data-title=\"Slide\" data-thumb=\"\/\/www.gudel-tax.com\/wp-content\/uploads\/2021\/11\/Thomas_Gudel_Mykene.jpg\" data-anim=\"adpr:false;\" data-in=\"o:0;\" data-out=\"a:false;\">\n\t\t\t\t\t\t\t<img decoding=\"async\" src=\"\/\/gudel-tax.com\/wp-content\/plugins\/revslider\/public\/assets\/assets\/dummy.png\" alt=\"Thomas Gudel\" title=\"Thomas_Gudel_Mykene\" width=\"1600\" height=\"1200\" class=\"rev-slidebg tp-rs-img rs-lazyload\" data-lazyload=\"\/\/www.gudel-tax.com\/wp-content\/uploads\/2021\/11\/Thomas_Gudel_Mykene.jpg\" data-no-retina>\n<!---->\t\t\t\t\t\t<\/rs-slide>\n\t\t\t\t\t\t<rs-slide style=\"position: absolute;\" data-key=\"rs-25\" data-title=\"Slide\" data-thumb=\"\/\/www.gudel-tax.com\/wp-content\/uploads\/2023\/04\/signal-2023-04-03-130659_002.jpeg\" data-anim=\"adpr:false;\" data-in=\"o:0;\" data-out=\"a:false;\">\n\t\t\t\t\t\t\t<img decoding=\"async\" src=\"\/\/gudel-tax.com\/wp-content\/plugins\/revslider\/public\/assets\/assets\/dummy.png\" alt=\"\" title=\"signal-2023-04-03-130659_002\" width=\"1600\" height=\"1200\" class=\"rev-slidebg tp-rs-img rs-lazyload\" data-lazyload=\"\/\/www.gudel-tax.com\/wp-content\/uploads\/2023\/04\/signal-2023-04-03-130659_002.jpeg\" data-no-retina>\n<!---->\t\t\t\t\t\t<\/rs-slide>\n\t\t\t\t\t\t<rs-slide style=\"position: absolute;\" data-key=\"rs-26\" data-title=\"Slide\" data-thumb=\"\/\/www.gudel-tax.com\/wp-content\/uploads\/2021\/11\/Thomas_Gudel_Venedig.jpeg\" data-anim=\"adpr:false;\" data-in=\"o:0;\" data-out=\"a:false;\">\n\t\t\t\t\t\t\t<img decoding=\"async\" src=\"\/\/gudel-tax.com\/wp-content\/plugins\/revslider\/public\/assets\/assets\/dummy.png\" alt=\"Thomas Gudel\" title=\"Thomas_Gudel_Venedig\" width=\"1280\" height=\"960\" class=\"rev-slidebg tp-rs-img rs-lazyload\" data-lazyload=\"\/\/www.gudel-tax.com\/wp-content\/uploads\/2021\/11\/Thomas_Gudel_Venedig.jpeg\" data-no-retina>\n<!---->\t\t\t\t\t\t<\/rs-slide>\n\t\t\t\t\t\t<rs-slide style=\"position: absolute;\" data-key=\"rs-27\" data-title=\"Slide\" data-thumb=\"\/\/www.gudel-tax.com\/wp-content\/uploads\/2024\/08\/thomas_gudel_camel_2_2024_R16_10.jpg\" data-anim=\"adpr:false;\" data-in=\"o:0;\" data-out=\"a:false;\">\n\t\t\t\t\t\t\t<img decoding=\"async\" src=\"\/\/gudel-tax.com\/wp-content\/plugins\/revslider\/public\/assets\/assets\/dummy.png\" alt=\"\" title=\"thomas_gudel_camel_2_2024_R16_10\" width=\"1200\" height=\"750\" class=\"rev-slidebg tp-rs-img rs-lazyload\" data-lazyload=\"\/\/www.gudel-tax.com\/wp-content\/uploads\/2024\/08\/thomas_gudel_camel_2_2024_R16_10.jpg\" data-no-retina>\n<!---->\t\t\t\t\t\t<\/rs-slide>\n\t\t\t\t\t\t<rs-slide style=\"position: absolute;\" data-key=\"rs-28\" data-title=\"Slide\" data-thumb=\"\/\/www.gudel-tax.com\/wp-content\/uploads\/2024\/08\/thomas_gudel_camel_2024_R16_10.jpg\" data-anim=\"adpr:false;\" data-in=\"o:0;\" data-out=\"a:false;\">\n\t\t\t\t\t\t\t<img decoding=\"async\" src=\"\/\/gudel-tax.com\/wp-content\/plugins\/revslider\/public\/assets\/assets\/dummy.png\" alt=\"\" title=\"thomas_gudel_camel_2024_R16_10\" width=\"1200\" height=\"750\" class=\"rev-slidebg tp-rs-img rs-lazyload\" data-lazyload=\"\/\/www.gudel-tax.com\/wp-content\/uploads\/2024\/08\/thomas_gudel_camel_2024_R16_10.jpg\" data-no-retina>\n<!---->\t\t\t\t\t\t<\/rs-slide>\n\t\t\t\t\t\t<rs-slide style=\"position: absolute;\" data-key=\"rs-29\" data-title=\"Slide\" data-thumb=\"\/\/www.gudel-tax.com\/wp-content\/uploads\/2025\/04\/thomas_gudel_indien.jpg\" data-anim=\"adpr:false;\" data-in=\"o:0;\" data-out=\"a:false;\">\n\t\t\t\t\t\t\t<img decoding=\"async\" src=\"\/\/gudel-tax.com\/wp-content\/plugins\/revslider\/public\/assets\/assets\/dummy.png\" alt=\"\" title=\"thomas_gudel_indien\" width=\"1200\" height=\"737\" class=\"rev-slidebg tp-rs-img rs-lazyload\" data-lazyload=\"\/\/www.gudel-tax.com\/wp-content\/uploads\/2025\/04\/thomas_gudel_indien.jpg\" data-no-retina>\n<!---->\t\t\t\t\t\t<\/rs-slide>\n\t\t\t\t\t\t<rs-slide style=\"position: absolute;\" data-key=\"rs-30\" data-title=\"Slide\" data-thumb=\"\/\/www.gudel-tax.com\/wp-content\/uploads\/2025\/04\/thomas_gudel_rote_muetzte_boot-rotated.jpg\" data-anim=\"adpr:false;\" data-in=\"o:0;\" data-out=\"a:false;\">\n\t\t\t\t\t\t\t<img decoding=\"async\" src=\"\/\/gudel-tax.com\/wp-content\/plugins\/revslider\/public\/assets\/assets\/dummy.png\" alt=\"\" title=\"thomas_gudel_rote_muetzte_boot\" width=\"480\" height=\"640\" class=\"rev-slidebg tp-rs-img rs-lazyload\" data-lazyload=\"\/\/www.gudel-tax.com\/wp-content\/uploads\/2025\/04\/thomas_gudel_rote_muetzte_boot-rotated.jpg\" data-no-retina>\n<!---->\t\t\t\t\t\t<\/rs-slide>\n\t\t\t\t\t\t<rs-slide style=\"position: absolute;\" data-key=\"rs-31\" data-title=\"Slide\" data-thumb=\"\/\/gudel-tax.com\/wp-content\/uploads\/2026\/03\/thomas_gudel_skiing_in-rockies-scaled-200x200.jpeg\" data-anim=\"adpr:false;\" data-in=\"o:0;\" data-out=\"a:false;\">\n\t\t\t\t\t\t\t<img decoding=\"async\" src=\"\/\/gudel-tax.com\/wp-content\/plugins\/revslider\/public\/assets\/assets\/dummy.png\" alt=\"\" title=\"thomas_gudel_skiing_in-rockies\" width=\"2560\" height=\"1920\" class=\"rev-slidebg tp-rs-img rs-lazyload\" data-lazyload=\"\/\/gudel-tax.com\/wp-content\/uploads\/2026\/03\/thomas_gudel_skiing_in-rockies-scaled.jpeg\" data-no-retina>\n<!---->\t\t\t\t\t\t<\/rs-slide>\n\t\t\t\t\t<\/rs-slides>\n\t\t\t\t\t<rs-static-layers><!--\n\t\t\t\t\t--><\/rs-static-layers>\n\t\t\t\t<\/rs-module>\n\t\t\t\t<script>\n\t\t\t\t\tsetREVStartSize({c: 'rev_slider_2_1',rl:[1240,1024,778,480],el:[680,480,360,460],gw:[900,600,600,480],gh:[680,540,360,460],type:'standard',justify:'',layout:'fullwidth',thumbh:\"110\",mh:\"0\"});if (window.RS_MODULES!==undefined && window.RS_MODULES.modules!==undefined && window.RS_MODULES.modules[\"revslider21\"]!==undefined) {window.RS_MODULES.modules[\"revslider21\"].once = false;window.revapi2 = undefined;if (window.RS_MODULES.checkMinimal!==undefined) window.RS_MODULES.checkMinimal()}\n\t\t\t\t<\/script>\n\t\t\t<\/rs-module-wrap>\n\t\t\t<!-- END REVOLUTION SLIDER -->\n<\/div><\/div><\/div><div class=\"x-row x-container max width e55-e5 m1j-3 m1j-5 m1j-6 m1j-8\"><div class=\"x-row-inner\"><div class=\"x-col e55-e6 m1j-9 m1j-b\"><div class=\"x-text x-text-headline e55-e7 m1j-c\"><div class=\"x-text-content\"><div class=\"x-text-content-text\"><h1 class=\"x-text-content-text-primary\">&Uuml;ber mich<\/h1><\/div><\/div><\/div><div class=\"x-text x-content e55-e8 m1j-d\"><ul>\n \t<li><strong>Diplom-Kaufmann:<\/strong> 1982<\/li>\n \t<li><strong>Steuerberaterexamen:<\/strong> 1987<\/li>\n \t<li><strong>Wirtschaftspr\u00fcferexamen:<\/strong> 1991<\/li>\n<\/ul>\n<ul>\n \t<li><strong>Arbeitnehmer der BDO Frankfurt:<\/strong> 1988\u20141995<\/li>\n \t<li><strong>Leiter Konzernsteuern eines Tourismusunternehmens (Umsatz 7,7 Mrd. Euro):<\/strong> 1995\u20142007<\/li>\n \t<li><strong>Leiter Rechnungswesen eines Mittelstandsunternehmens:<\/strong> 2009\u20142013<\/li>\n<\/ul>\n<ul>\n \t<li>Seit 2015 <strong>Arbeit als Steuerberater bzw. freier Mitarbeiter in Steuerkanzleien<\/strong><\/li>\n<\/ul><\/div><hr class=\"x-line e55-e9 m1j-e\"><\/hr><div class=\"x-text x-text-headline e55-e10 m1j-c\"><div class=\"x-text-content\"><div class=\"x-text-content-text\"><h2 class=\"x-text-content-text-primary\">Zeugnisse einsehen<\/h2><\/div><\/div><\/div><hr class=\"x-line e55-e11 m1j-f\"><\/hr>[passster password=\"123\" headline=\"\" instruction=\"Zur Einsichtnahme in meine Zeugnisse ben\u00f6tigen Sie Sie ein Passwort. Bitte kontaktieren Sie mich hierf\u00fcr \u00fcber das Kontaktformular.\" placeholder=\"Passwort eingeben\"]<div class=\"cs-content x-global-block x-global-block-90 e90-e0\"><div class=\"x-section e90-e1 m2i-0\"><div class=\"x-row x-container max width e90-e2 m2i-1 m2i-2\"><div class=\"x-row-inner\"><div class=\"x-col e90-e3 m2i-3\"><a class=\"x-anchor x-anchor-button has-graphic has-int-content e90-e4 m2i-4\" tabindex=\"0\" href=\"#\"><div class=\"x-anchor-content x-anchor-content-out-slide-top-in-scale-up\"><span class=\"x-graphic\" aria-hidden=\"true\"><i class=\"x-icon x-graphic-child x-graphic-icon x-graphic-primary\" aria-hidden=\"true\" data-x-icon-l=\"&#xf5f3;\"><\/i><\/span><div class=\"x-anchor-text\"><span class=\"x-anchor-text-primary\">Hier Zeugnisse einsehen<\/span><\/div><\/div><div class=\"x-anchor-content x-anchor-content-out-slide-top-in-scale-up is-int\"><span class=\"x-graphic\" aria-hidden=\"true\"><i class=\"x-icon x-graphic-child x-graphic-icon x-graphic-primary\" aria-hidden=\"true\" data-x-icon-l=\"&#xf30d;\"><\/i><\/span><div class=\"x-anchor-text\"><div class=\"x-anchor-text-primary\">Hier Zeugnisse einsehen<\/div><div class=\"x-anchor-text-secondary\">Eine Einsichtnahme in pers\u00f6nliche Zeugnisse kann in Absprache hier erfolgen (Passwort erforderlich)<\/div><\/div><\/div><\/a><\/div><\/div><\/div><\/div><\/div>[\/passster]<hr class=\"x-line e55-e13 m1j-f\"><\/hr><div class=\"x-text x-text-headline e55-e14 m1j-c\"><div class=\"x-text-content\"><div class=\"x-text-content-text\"><h2 class=\"x-text-content-text-primary\">N\u00fctzliche Links<\/h2><\/div><\/div><\/div><div class=\"x-text x-content e55-e15 m1j-d\"><p><strong>Steuerliche Zusammenarbeit mit folgenden B\u00fcros:<\/strong><\/p>\n\n<ul>\n \t<li><span><a href=\"https:\/\/www.eureos.de\">eureos GmbH<\/a>, Dresden<\/span><\/li>\n \t<li><a href=\"https:\/\/www.kulka-steuerberatung.de\/\">Kulka Steuerberatung<\/a>, Leipzig<\/li>\n \t<li><a href=\"https:\/\/www.cg-steuerberatung.de\">CG Steuerberatung<\/a>, Leipzig<\/li>\n \t<li><a href=\"https:\/\/www.muenchner-steuerberatung.de\">Steuerkanzlei Baumeister &amp; Hoffmann<\/a>, M\u00fcnchen<\/li>\n<\/ul>\n<p><strong>Wichtige Verb\u00e4nde:<\/strong><\/p>\n\n<ul>\n \t<li><a href=\"https:\/\/www.steuerberaterverband-hessen.de\/\" class=\"\"><span>Steuerberaterverband Hessen<\/span><\/a><\/li>\n \t<li><a href=\"https:\/\/www.stbk-hessen.de\">Steuerberaterkammmer Hessen<\/a><\/li>\n<\/ul>\n<p><strong>Fachliteratur:<\/strong><\/p>\n\n<ul>\n \t<li><a href=\"https:\/\/www.nwb.de\/\">NWB Verlag<\/a><\/li>\n \t<li><a href=\"https:\/\/www.efv-online.de\">Erich Fleischer Verlag<\/a><\/li>\n \t<li><a href=\"https:\/\/www.chbeck.de\">C.H.BECK Verlag<\/a><\/li>\n<\/ul>\n<ul><\/ul><\/div><\/div><\/div><\/div><\/div><div class=\"x-section e55-e16 m1j-0 m1j-2\"><\/div><\/div>\n","protected":false},"excerpt":{"rendered":"<p>&Uuml;ber mich Diplom-Kaufmann: 1982 Steuerberaterexamen: 1987 Wirtschaftspr\u00fcferexamen: 1991 Arbeitnehmer der BDO Frankfurt: 1988\u20141995 Leiter Konzernsteuern eines Tourismusunternehmens (Umsatz 7,7 Mrd. Euro): 1995\u20142007 Leiter Rechnungswesen eines Mittelstandsunternehmens: 2009\u20142013 Seit 2015 Arbeit als Steuerberater bzw. freier Mitarbeiter in Steuerkanzleien Zeugnisse einsehen[passster password=&#8221;123&#8243; headline=&#8221;&#8221; instruction=&#8221;Zur Einsichtnahme in meine Zeugnisse ben\u00f6tigen Sie Sie ein Passwort. Bitte kontaktieren Sie mich hierf\u00fcr \u00fcber das Kontaktformular.&#8221; placeholder=&#8221;Passwort &#8230; <a href=\"https:\/\/gudel-tax.com\/en\/about-me\/\" class=\"more-link\">Read More<\/a><\/p>\n","protected":false},"author":1,"featured_media":0,"parent":0,"menu_order":0,"comment_status":"closed","ping_status":"closed","template":"template-blank-1.php","meta":{"footnotes":""},"_links":{"self":[{"href":"https:\/\/gudel-tax.com\/en\/wp-json\/wp\/v2\/pages\/308"}],"collection":[{"href":"https:\/\/gudel-tax.com\/en\/wp-json\/wp\/v2\/pages"}],"about":[{"href":"https:\/\/gudel-tax.com\/en\/wp-json\/wp\/v2\/types\/page"}],"author":[{"embeddable":true,"href":"https:\/\/gudel-tax.com\/en\/wp-json\/wp\/v2\/users\/1"}],"replies":[{"embeddable":true,"href":"https:\/\/gudel-tax.com\/en\/wp-json\/wp\/v2\/comments?post=308"}],"version-history":[{"count":6,"href":"https:\/\/gudel-tax.com\/en\/wp-json\/wp\/v2\/pages\/308\/revisions"}],"predecessor-version":[{"id":512,"href":"https:\/\/gudel-tax.com\/en\/wp-json\/wp\/v2\/pages\/308\/revisions\/512"}],"wp:attachment":[{"href":"https:\/\/gudel-tax.com\/en\/wp-json\/wp\/v2\/media?parent=308"}],"curies":[{"name":"wp","href":"https:\/\/api.w.org\/{rel}","templated":true}]}}